{"id":41,"date":"2026-01-06T16:03:32","date_gmt":"2026-01-06T15:03:32","guid":{"rendered":"https:\/\/theviewagency.fr\/?page_id=41"},"modified":"2026-01-06T16:23:59","modified_gmt":"2026-01-06T15:23:59","slug":"la-fete","status":"publish","type":"page","link":"https:\/\/theviewagency.fr\/index.php\/la-fete\/","title":{"rendered":"La F\u00eate"},"content":{"rendered":"\t\t<div data-elementor-type=\"wp-page\" data-elementor-id=\"41\" class=\"elementor elementor-41\" data-elementor-post-type=\"page\">\n\t\t\t\t<div class=\"elementor-element elementor-element-4c1bb80 e-flex e-con-boxed e-con e-parent\" data-id=\"4c1bb80\" data-element_type=\"container\" data-e-type=\"container\">\n\t\t\t\t\t<div class=\"e-con-inner\">\n\t\t\t\t<div class=\"elementor-element elementor-element-b4014d4 elementor-invisible elementor-widget elementor-widget-heading\" data-id=\"b4014d4\" data-element_type=\"widget\" data-e-type=\"widget\" data-settings=\"{&quot;_animation&quot;:&quot;fadeInUp&quot;}\" data-widget_type=\"heading.default\">\n\t\t\t\t<div class=\"elementor-widget-container\">\n\t\t\t\t\t<h4 class=\"elementor-heading-title elementor-size-default\">Ajoutez votre titre ici<\/h4>\t\t\t\t<\/div>\n\t\t\t\t<\/div>\n\t\t\t\t<div class=\"elementor-element elementor-element-beff908 elementor-invisible elementor-widget elementor-widget-heading\" data-id=\"beff908\" data-element_type=\"widget\" data-e-type=\"widget\" data-settings=\"{&quot;_animation&quot;:&quot;fadeInUp&quot;}\" data-widget_type=\"heading.default\">\n\t\t\t\t<div class=\"elementor-widget-container\">\n\t\t\t\t\t<h1 class=\"elementor-heading-title elementor-size-default\">Production audiovisuelle\nde \nA\n\u00e0\nZ<\/h1>\t\t\t\t<\/div>\n\t\t\t\t<\/div>\n\t\t\t\t<div class=\"elementor-element elementor-element-a7d17d5 elementor-invisible elementor-widget elementor-widget-heading\" data-id=\"a7d17d5\" data-element_type=\"widget\" data-e-type=\"widget\" data-settings=\"{&quot;_animation&quot;:&quot;fadeInUp&quot;}\" data-widget_type=\"heading.default\">\n\t\t\t\t<div class=\"elementor-widget-container\">\n\t\t\t\t\t<span class=\"elementor-heading-title elementor-size-default\">Du live au podcast, en passant par le tourn\u00e9-mont\u00e9, nous ma\u00eetrisons toute la cha\u00eene de production pour des contenus professionnels livr\u00e9s rapidement.<\/span>\t\t\t\t<\/div>\n\t\t\t\t<\/div>\n\t\t\t\t\t<\/div>\n\t\t\t\t<\/div>\n\t\t\t\t<\/div>\n\t\t","protected":false},"excerpt":{"rendered":"<p>Ajoutez votre titre ici Production audiovisuelle de A \u00e0 Z Du live au podcast, en passant par le tourn\u00e9-mont\u00e9, nous ma\u00eetrisons toute la cha\u00eene de production pour des contenus professionnels livr\u00e9s rapidement.<\/p>\n","protected":false},"author":2,"featured_media":0,"parent":0,"menu_order":0,"comment_status":"closed","ping_status":"closed","template":"","meta":{"footnotes":""},"class_list":["post-41","page","type-page","status-publish","hentry"],"_links":{"self":[{"href":"https:\/\/theviewagency.fr\/index.php\/wp-json\/wp\/v2\/pages\/41","targetHints":{"allow":["GET"]}}],"collection":[{"href":"https:\/\/theviewagency.fr\/index.php\/wp-json\/wp\/v2\/pages"}],"about":[{"href":"https:\/\/theviewagency.fr\/index.php\/wp-json\/wp\/v2\/types\/page"}],"author":[{"embeddable":true,"href":"https:\/\/theviewagency.fr\/index.php\/wp-json\/wp\/v2\/users\/2"}],"replies":[{"embeddable":true,"href":"https:\/\/theviewagency.fr\/index.php\/wp-json\/wp\/v2\/comments?post=41"}],"version-history":[{"count":13,"href":"https:\/\/theviewagency.fr\/index.php\/wp-json\/wp\/v2\/pages\/41\/revisions"}],"predecessor-version":[{"id":104,"href":"https:\/\/theviewagency.fr\/index.php\/wp-json\/wp\/v2\/pages\/41\/revisions\/104"}],"wp:attachment":[{"href":"https:\/\/theviewagency.fr\/index.php\/wp-json\/wp\/v2\/media?parent=41"}],"curies":[{"name":"wp","href":"https:\/\/api.w.org\/{rel}","templated":true}]}}